{"id":53,"date":"2020-06-09T14:10:58","date_gmt":"2020-06-09T14:10:58","guid":{"rendered":"https:\/\/aeserradaestrela.com\/site\/?page_id=53"},"modified":"2023-06-07T11:34:00","modified_gmt":"2023-06-07T11:34:00","slug":"historial","status":"publish","type":"page","link":"https:\/\/aeserradaestrela.com\/site\/historial\/","title":{"rendered":"Historial"},"content":{"rendered":"\r\n<p class=\"western\" align=\"justify\"><span style=\"font-family: Arial, sans-serif;\"><span style=\"font-size: small;\">A <\/span><\/span><span style=\"font-family: Arial, sans-serif;\"><span style=\"font-size: small;\"><i><b>Associa\u00e7\u00e3o Comercial de Seia<\/b><\/i><\/span><\/span><span style=\"font-family: Arial, sans-serif;\"><span style=\"font-size: small;\"> foi criada em Julho de 1993 com a finalidade de defender e representar os interesses dos comerciantes do concelho de Seia e das zonas lim\u00edtrofes. <\/span><\/span><\/p>\r\n<p class=\"western\" align=\"justify\"><span style=\"font-family: Arial, sans-serif;\"><span style=\"font-size: small;\">Em 1998, veio a alargar a sua \u00e1rea de atua\u00e7\u00e3o \u00e0s empresas do sector da ind\u00fastria e, consequentemente, alterou a sua denomina\u00e7\u00e3o para <\/span><\/span><span style=\"font-family: Arial, sans-serif;\"><span style=\"font-size: small;\"><i><b>Associa\u00e7\u00e3o Comercial e Industrial do Concelho de Seia (ACICS).<\/b><\/i><\/span><\/span><\/p>\r\n<p class=\"western\" align=\"justify\"><span style=\"font-family: Arial, sans-serif;\"><span style=\"font-size: small;\">Em 2007, alterou os seus estatutos e a sua denomina\u00e7\u00e3o social para<strong> AESE- Associa\u00e7\u00e3o Empresarial da Serra da Estrela<\/strong>, passando o seu \u00e2mbito geogr\u00e1fico de atua\u00e7\u00e3o a ser alargado \u00e0 Regi\u00e3o da Serra da Estrela.<\/span><\/span><\/p>\r\n<p class=\"western\" align=\"justify\"><span style=\"font-family: Arial, sans-serif;\"><span style=\"font-size: small;\">Atrav\u00e9s de Programas de Apoio, a Associa\u00e7\u00e3o promove cursos de forma\u00e7\u00e3o profissional desde 1994, nomeadamente no \u00e2mbito dos programas PESSOA, POEFDS, FORDESQ, INICIATIVA MULHER, JTE, PME, EFA B3, AIBT Serra da Estrela, MODULARES CERTIFICADAS, CRIATIVA, DINAMIZAR e QIPME. <\/span><\/span><\/p>\r\n<p class=\"western\" align=\"justify\"><span style=\"font-family: Arial, sans-serif;\"><span style=\"font-size: small;\">A Associa\u00e7\u00e3o alargou ao longo dos anos, a presta\u00e7\u00e3o dos seus servi\u00e7os a empresas dos concelhos de Gouveia e de Oliveira do Hospital, nomeadamente, ao n\u00edvel do apoio t\u00e9cnico aos empres\u00e1rios e da forma\u00e7\u00e3o profissional. <\/span><\/span><\/p>\r\n<p class=\"western\" align=\"justify\"><span style=\"font-family: Arial, sans-serif;\"><span style=\"font-size: small;\">Mais tarde, em 1998 como referido anteriormente, mas j\u00e1 como <\/span><\/span><span style=\"font-family: Arial, sans-serif;\"><span style=\"font-size: small;\"><i>AESE-Associa\u00e7\u00e3o Empresarial da Serra da Estrela<\/i><\/span><\/span><span style=\"font-family: Arial, sans-serif;\"><span style=\"font-size: small;\">, estendeu o seu \u00e2mbito de interven\u00e7\u00e3o \u00e0s empresas do sector industrial da regi\u00e3o, ampliando ainda mais a sua \u00e1rea de atua\u00e7\u00e3o. Salienta-se ainda o facto de terem sido desenvolvidas iniciativas direcionadas para as zonas do concelho mais carenciadas e afastadas dos centros urbanos.<\/span><\/span><\/p>\r\n<p class=\"western\" align=\"justify\"><span style=\"font-family: Arial, sans-serif;\"><span style=\"font-size: small;\">A AESE tem vindo a criar outros servi\u00e7os para os seus associados, tais como a presta\u00e7\u00e3o de apoio na elabora\u00e7\u00e3o de candidaturas a incentivos ao investimento, a disponibiliza\u00e7\u00e3o de informa\u00e7\u00e3o sobre aspetos legais diretamente relacionados com as empresas e outro tipo de servi\u00e7os e informa\u00e7\u00f5es do interesse dos associados.<\/span><\/span><\/p>\r\n","protected":false},"excerpt":{"rendered":"<p>A Associa\u00e7\u00e3o Comercial de Seia foi criada em Julho de 1993 com a finalidade de defender e representar os interesses dos comerciantes do concelho de Seia e das zonas lim\u00edtrofes. Em 1998, veio a alargar a sua \u00e1rea de atua\u00e7\u00e3o \u00e0s empresas do sector da ind\u00fastria e, consequentemente, alterou a sua denomina\u00e7\u00e3o para Associa\u00e7\u00e3o Comercial&hellip;&nbsp;<a href=\"https:\/\/aeserradaestrela.com\/site\/historial\/\" class=\"\" rel=\"bookmark\">Read More &raquo;<span class=\"screen-reader-text\">Historial<\/span><\/a><\/p>\n","protected":false},"author":1,"featured_media":0,"parent":0,"menu_order":0,"comment_status":"closed","ping_status":"closed","template":"","meta":{"footnotes":""},"class_list":["post-53","page","type-page","status-publish","hentry"],"_links":{"self":[{"href":"https:\/\/aeserradaestrela.com\/site\/wp-json\/wp\/v2\/pages\/53","targetHints":{"allow":["GET"]}}],"collection":[{"href":"https:\/\/aeserradaestrela.com\/site\/wp-json\/wp\/v2\/pages"}],"about":[{"href":"https:\/\/aeserradaestrela.com\/site\/wp-json\/wp\/v2\/types\/page"}],"author":[{"embeddable":true,"href":"https:\/\/aeserradaestrela.com\/site\/wp-json\/wp\/v2\/users\/1"}],"replies":[{"embeddable":true,"href":"https:\/\/aeserradaestrela.com\/site\/wp-json\/wp\/v2\/comments?post=53"}],"version-history":[{"count":7,"href":"https:\/\/aeserradaestrela.com\/site\/wp-json\/wp\/v2\/pages\/53\/revisions"}],"predecessor-version":[{"id":682,"href":"https:\/\/aeserradaestrela.com\/site\/wp-json\/wp\/v2\/pages\/53\/revisions\/682"}],"wp:attachment":[{"href":"https:\/\/aeserradaestrela.com\/site\/wp-json\/wp\/v2\/media?parent=53"}],"curies":[{"name":"wp","href":"https:\/\/api.w.org\/{rel}","templated":true}]}}